{"id":171,"date":"2018-05-20T14:31:26","date_gmt":"2018-05-20T12:31:26","guid":{"rendered":"http:\/\/willmann-gmbh.de\/?page_id=171"},"modified":"2026-01-07T08:45:02","modified_gmt":"2026-01-07T07:45:02","slug":"home","status":"publish","type":"page","link":"https:\/\/willmann-gmbh.com\/fr\/","title":{"rendered":"Home"},"content":{"rendered":"<section class=\"wpb-content-wrapper\"><p>[vc_row][vc_column]<h1 class=' text-xs-center '>Depuis plus de 30 ans &#8211; la qualit\u00e9 d\u2019un seul fournisseur<\/h1>[vc_column_text]<\/p>\n<p style=\"text-align: center;\">Depuis 1987, nous nous sommes sp\u00e9cialis\u00e9s dans la fabrication de \u00abv\u00e9randas pi\u00e8ces \u00e0 vivre\u00bb de haut de gamme en mettant,<br \/>\nl\u00e0 \u00e9galement, l\u2019accent sur des prestations de services compl\u00e8tes<\/p>\n<p>[\/vc_column_text][\/vc_column][\/vc_row][vc_row gap=\u00a0\u00bb10&Prime; awb_type=\u00a0\u00bbcolor\u00a0\u00bb awb_stretch=\u00a0\u00bb1&Prime; awb_color=\u00a0\u00bb#0b9736&Prime; css=\u00a0\u00bb.vc_custom_1526822181977{padding-top: 60px !important;padding-right: 20px !important;padding-bottom: 60px !important;padding-left: 20px !important;}\u00a0\u00bb][vc_column width=\u00a0\u00bb1\/4&Prime;]<div class=\" vc_custom_1540372321386  nk-ibox-1\"><div class=\"nk-ibox-icon\"><a class=\"pe-7s-sun\"  href=\"https:\/\/willmann-gmbh.com\/wintergarten\/\"><\/a><\/div><div class=\"nk-ibox-cont\"><div class=\"nk-ibox-title\"><a  href=\"https:\/\/willmann-gmbh.com\/wintergarten\/\">V\u00e9randa<\/a><\/div><div class=\"nk-ibox-text\">Conseil, planification et montage de votre v\u00e9randa y compris tous les corps de m\u00e9tier<\/div><\/div><\/div>[\/vc_column][vc_column width=\u00a0\u00bb1\/4&Prime;]<div class=\" vc_custom_1540372340667  nk-ibox-1\"><div class=\"nk-ibox-icon\"><a class=\"fa fa-chevron-up\"  href=\"https:\/\/willmann-gmbh.com\/dachgauben\/\"><\/a><\/div><div class=\"nk-ibox-cont\"><div class=\"nk-ibox-title\"><a  href=\"https:\/\/willmann-gmbh.com\/dachgauben\/\">Chiens-assis<\/a><\/div><div class=\"nk-ibox-text\">Les chiens-assis permettent d\u2019agrandir les pi\u00e8ces d\u2019habitation sous les combles <\/div><\/div><\/div>[\/vc_column][vc_column width=\u00a0\u00bb1\/4&Prime;]<div class=\" vc_custom_1540372361772  nk-ibox-1\"><div class=\"nk-ibox-icon\"><a class=\"fa fa-superscript\"  href=\"https:\/\/willmann-gmbh.com\/aufstockung\/\"><\/a><\/div><div class=\"nk-ibox-cont\"><div class=\"nk-ibox-title\"><a  href=\"https:\/\/willmann-gmbh.com\/aufstockung\/\">Sur\u00e9l\u00e9vation<\/a><\/div><div class=\"nk-ibox-text\">Avec une sur\u00e9l\u00e9vation de votre maison, le but est d\u2018obtenir une surface habitable suppl\u00e9mentaire<\/div><\/div><\/div>[\/vc_column][vc_column width=\u00a0\u00bb1\/4&Prime;]<div class=\" vc_custom_1540372377000  nk-ibox-1\"><div class=\"nk-ibox-icon\"><a class=\"pe-7s-umbrella\"  href=\"http:\/\/willmann-gmbh.de\/ueberdachung\/\"><\/a><\/div><div class=\"nk-ibox-cont\"><div class=\"nk-ibox-title\"><a  href=\"https:\/\/willmann-gmbh.com\/ueberdachung\/\">Couverture<\/a><\/div><div class=\"nk-ibox-text\">Les pergolas servent \u00e0 couvrir des terrasses, des parkings de voiture, etc. <\/div><\/div><\/div>[\/vc_column][\/vc_row][vc_row awb_type=\u00a0\u00bbcolor\u00a0\u00bb awb_stretch=\u00a0\u00bb1&Prime; awb_color=\u00a0\u00bb#0b9736&Prime; css=\u00a0\u00bb.vc_custom_1529413750478{margin-top: 100px !important;margin-bottom: 100px !important;padding-top: 30px !important;padding-bottom: 30px !important;}\u00a0\u00bb][vc_column width=\u00a0\u00bb1\/2&Prime;]<div class=\"center vc_custom_1539100989906  nk-ibox-1\"><div class=\"nk-ibox-icon\"><a class=\"pe-7s-hammer\"  href=\"https:\/\/willmann-gmbh.com\/wintergarten\/#arbeitsablauf\"><\/a><\/div><div class=\"nk-ibox-cont\"><div class=\"nk-ibox-title\"><a  href=\"https:\/\/willmann-gmbh.com\/wintergarten\/#arbeitsablauf\">V\u00e9randa, la naissance<\/a><\/div><div class=\"nk-ibox-text\">Le d\u00e9roulement de nos nombreuses ann\u00e9es d\u2019exp\u00e9rience en d\u00e9tail.<\/div><\/div><\/div>[\/vc_column][vc_column width=\u00a0\u00bb1\/2&Prime;]<div class=\"center vc_custom_1539101003250  nk-ibox-1\"><div class=\"nk-ibox-icon\"><a class=\"pe-7s-cloud-download\"  href=\"https:\/\/willmann-gmbh.com\/wp-content\/uploads\/2018\/05\/Willmann-Gesamt-130415-d.pdf\" target=\"_blank\"><\/a><\/div><div class=\"nk-ibox-cont\"><div class=\"nk-ibox-title\"><a  href=\"https:\/\/willmann-gmbh.com\/wp-content\/uploads\/2018\/05\/Willmann-Gesamt-130415-d.pdf\" target=\"_blank\">Brochure Willmann GmbH 2018<\/a><\/div><div class=\"nk-ibox-text\">T\u00e9l\u00e9chargez ici notre brochure actuelle.<\/div><\/div><\/div>[\/vc_column][\/vc_row][vc_row css=\u00a0\u00bb.vc_custom_1526821792216{margin-top: 100px !important;margin-bottom: 100px !important;}\u00a0\u00bb][vc_column]<h1 class=' text-xs-center '>Ce que nous sommes<\/h1>[vc_column_text]<\/p>\n<div style=\"width: 1140px;\" class=\"wp-video\"><!--[if lt IE 9]><script>document.createElement('video');<\/script><![endif]-->\n<video class=\"wp-video-shortcode\" id=\"video-171-1\" width=\"1140\" height=\"641\" poster=\"https:\/\/willmann-gmbh.com\/wp-content\/uploads\/2018\/07\/DJI_0006.jpg\" preload=\"metadata\" controls=\"controls\"><source type=\"video\/mp4\" src=\"https:\/\/willmann-gmbh.com\/wp-content\/uploads\/2018\/05\/Willmann-Glasgalerie.mp4?_=1\" \/><a href=\"https:\/\/willmann-gmbh.com\/wp-content\/uploads\/2018\/05\/Willmann-Glasgalerie.mp4\">https:\/\/willmann-gmbh.com\/wp-content\/uploads\/2018\/05\/Willmann-Glasgalerie.mp4<\/a><\/video><\/div>\n<p style=\"text-align: center;\">[\/vc_column_text][\/vc_column][\/vc_row][vc_row awb_type=\u00a0\u00bbcolor\u00a0\u00bb awb_stretch=\u00a0\u00bb1&Prime; awb_color=\u00a0\u00bb#0b9736&Prime; css=\u00a0\u00bb.vc_custom_1526821744603{margin-top: 50px !important;margin-bottom: 50px !important;padding-top: 20px !important;padding-bottom: 20px !important;}\u00a0\u00bb][vc_column]<h1 class='.white text-xs-center '>Ce que disent nos clients:<\/h1><div class=\" nk-carousel \" data-arrows=\"true\" data-dots=\"true\" data-size=\"1\">\n                   <div class=\"nk-carousel-inner\"><div><div class=\" \"><blockquote class=\"nk-blockquote-style-1  \">\n                    <p>Nous vous remercions chaleureusement pour vos conseils avis\u00e9s, votre excellent travail et la simplicit\u00e9 de vos \u00e9changes. Tous ceux qui ont travaill\u00e9 avec et chez nous ont laiss\u00e9 une tr\u00e8s bonne impression ! Nous vous prions de transmettre encore une fois ce message \u00e0&lt;br \/&gt;\n\u00ab l\u2018\u00e9tage sup\u00e9rieur \u00bb. Si quelqu&#039;un de notre entourage devait un jour envisager l&#039;installation d&#039;une v\u00e9randa, nous vous recommanderions volontiers<\/p>\n                    <cite>P. Schwarber<\/cite>\n                <\/blockquote><\/div><\/div><div><div class=\" \"><blockquote class=\"nk-blockquote-style-1  \">\n                    <p>De la premi\u00e8re prise de contact \u00e0 la remise de notre v\u00e9randa, ce fut pour nous un pur plaisir de travailler avec Monsieur Willmann et son \u00e9quipe. Fiabilit\u00e9, comp\u00e9tence et amabilit\u00e9 caract\u00e9risent aussi bien l&#039;entreprise Willmann que tous les artisans qui ont travaill\u00e9 pour vous. L&#039;organisation des processus et la communication n\u00e9cessaire ont \u00e9t\u00e9 exemplaires. Tous les param\u00e8tres esquiss\u00e9s d\u00e8s le premier entretien d&#039;information ont \u00e9t\u00e9 respect\u00e9s avec pr\u00e9cision, tout comme un calcul financier pr\u00e9coce. Gr\u00e2ce \u00e0 la planification cr\u00e9ative de la soci\u00e9t\u00e9 Willmann, la v\u00e9randa termin\u00e9e s&#039;int\u00e8gre parfaitement au b\u00e2timent existant, tant sur le plan du style que de la qualit\u00e9. Tous nos amis ont \u00e9t\u00e9 aussi enthousiasm\u00e9s que nous par le r\u00e9sultat<\/p>\n                    <cite>I. et C. Dittmann<\/cite>\n                <\/blockquote><\/div><\/div><div><div class=\" \"><blockquote class=\"nk-blockquote-style-1  \">\n                    <p>De la premi\u00e8re rencontre\/expertise de la faisabilit\u00e9 jusqu&#039;au montage, un professionnalisme absolu. Celui qui, lors de la premi\u00e8re rencontre sur place, prend tout de suite un bloc \u00e0 dessin, un crayon et une r\u00e8gle et qui, apr\u00e8s une premi\u00e8re mesure, \u00e9tablit d\u00e9j\u00e0 quasiment le plan (le chef en personne), sait ce qu&#039;il fait ! Chapeau bas, cela ne va plus de soi aujourd&#039;hui ! Tr\u00e8s bonne pr\u00e9sentation des mat\u00e9riaux, des possibilit\u00e9s d&#039;ex\u00e9cution, etc. dans les locaux de Buggingen dans le cadre de l&#039;\u00e9chantillonnage. Le clou du spectacle, le montage avec du personnel qualifi\u00e9 \u00e0 tous les postes ! Nous recommandons tr\u00e8s volontiers cette entreprise \u00e0 d&#039;autres<\/p>\n                    <cite>J. Schuler<\/cite>\n                <\/blockquote><\/div><\/div><div><div class=\" \"><blockquote class=\"nk-blockquote-style-1  \">\n                    <p>Tous vos artisans ont fait du bon travail et ont \u00e9t\u00e9 ouverts et sympathiques dans leurs relations personnelles. Un grand compliment \u00e0 tous et un salut cordial au chef. Nous vous recommanderons sans r\u00e9serve<\/p>\n                    <cite>F. &amp; B. Haege<\/cite>\n                <\/blockquote><\/div><\/div><div><div class=\" \"><blockquote class=\"nk-blockquote-style-1  \">\n                    <p>Nous tenons \u00e0 vous remercier chaleureusement, vous et votre \u00e9quipe, pour votre excellent travail. Nous sommes ravis que vous ayez pu r\u00e9nover la v\u00e9randa de mani\u00e8re aussi efficace. Nous tenons \u00e0 remercier tout particuli\u00e8rement votre ma\u00eetre menuisier, M. H\u00f6fler. Il a tout g\u00e9r\u00e9 \u00e0 merveille. C&#039;est le meilleur de votre \u00e9quipe. Nous esp\u00e9rons que les travaux se poursuivront bient\u00f4t et que la nouvelle porte arrivera elle aussi!<\/p>\n                    <cite>H. et I. Penner<\/cite>\n                <\/blockquote><\/div><\/div><div><div class=\" \"><blockquote class=\"nk-blockquote-style-1  \">\n                    <p>Bonjour Monsieur Willmann, je tiens \u00e0 vous remercier pour l&#039;installation anticip\u00e9e et extr\u00eamement rapide de notre toit de terrasse et pour le travail vraiment professionnel de vos collaborateurs. Nous sommes vraiment tr\u00e8s satisfaits ici<\/p>\n                    <cite>C. Allinger<\/cite>\n                <\/blockquote><\/div><\/div><\/div>\n                <\/div>[\/vc_column][\/vc_row][vc_row full_width=\u00a0\u00bbstretch_row_content_no_spaces\u00a0\u00bb css=\u00a0\u00bb.vc_custom_1527004461084{margin-top: 70px !important;}\u00a0\u00bb][vc_column]<h1 class=' text-xs-center '>Pour nous rendre visite<\/h1>[vc_raw_html]JTNDaWZyYW1lJTIwc3JjJTNEJTIyaHR0cHMlM0ElMkYlMkZ3d3cuZ29vZ2xlLmNvbSUyRm1hcHMlMkZlbWJlZCUzRnBiJTNEJTIxMW0xOCUyMTFtMTIlMjExbTMlMjExZDY2NzQyLjQzNTA5OTY4MTAyJTIxMmQ3LjU5Mjg3MDIwMjMwMjA1MyUyMTNkNDcuODYyMDA0OTY4ODgyMzYlMjEybTMlMjExZjAlMjEyZjAlMjEzZjAlMjEzbTIlMjExaTEwMjQlMjEyaTc2OCUyMTRmMTMuMSUyMTNtMyUyMTFtMiUyMTFzMHg0NzkxMDk5M2Y0NWZmYmRmJTI1M0EweDJjY2EzZjc0OTU3NzM2NDQlMjEyc1dpbGxtYW5uJTJCb0hHJTJCR2xhc2dhbGVyaWUlMjE1ZTAlMjEzbTIlMjExc2RlJTIxMnNkZSUyMTR2MTUyNzAwNDQyMDczNyUyMiUyMHdpZHRoJTNEJTIyMTAwJTI1JTIyJTIwaGVpZ2h0JTNEJTIyNDUwJTIyJTIwZnJhbWVib3JkZXIlM0QlMjIwJTIyJTIwc3R5bGUlM0QlMjJib3JkZXIlM0EwJTIyJTIwYWxsb3dmdWxsc2NyZWVuJTNFJTNDJTJGaWZyYW1lJTNF[\/vc_raw_html][\/vc_column][\/vc_row][vc_row css=\u00a0\u00bb.vc_custom_1526821811923{margin-top: 100px !important;margin-bottom: 100px !important;}\u00a0\u00bb][vc_column]<h1 class=' text-xs-center '>Contactez-nous<\/h1>[vc_column_text]<\/p>\n<p style=\"text-align: center;\">Vous \u00eates int\u00e9ress\u00e9(e) par une v\u00e9randa ou bien vous souhaitez des renseignements sur nos produits, n\u2019h\u00e9sitez pas \u00e0 nous contacter<\/p>\n<p>[\/vc_column_text][vc_column_text]\n<div class=\"wpcf7 no-js\" id=\"wpcf7-f205-o1\" lang=\"de-DE\" dir=\"ltr\">\n<div class=\"screen-reader-response\"><p role=\"status\" aria-live=\"polite\" aria-atomic=\"true\"><\/p> <ul><\/ul><\/div>\n<form action=\"\/fr\/wp-json\/wp\/v2\/pages\/171#wpcf7-f205-o1\" method=\"post\" class=\"wpcf7-form init\" aria-label=\"Kontaktformular\" novalidate=\"novalidate\" data-status=\"init\">\n<div style=\"display: none;\">\n<input type=\"hidden\" name=\"_wpcf7\" value=\"205\" \/>\n<input type=\"hidden\" name=\"_wpcf7_version\" value=\"5.7.4\" \/>\n<input type=\"hidden\" name=\"_wpcf7_locale\" value=\"de_DE\" \/>\n<input type=\"hidden\" name=\"_wpcf7_unit_tag\" value=\"wpcf7-f205-o1\" \/>\n<input type=\"hidden\" name=\"_wpcf7_container_post\" value=\"0\" \/>\n<input type=\"hidden\" name=\"_wpcf7_posted_data_hash\" value=\"\" \/>\n<\/div>\n<div class=\"row vertical-gap\">\n\t<div class=\"col-md-6\">\n\t\t<p><span class=\"wpcf7-form-control-wrap\" data-name=\"yourname\"><input size=\"40\" class=\"wpcf7-form-control wpcf7-text wpcf7-validates-as-required form-control\" aria-required=\"true\" aria-invalid=\"false\" placeholder=\"Votre nom\" value=\"\" type=\"text\" name=\"yourname\" \/><\/span>\n\t\t<\/p>\n\t<\/div>\n\t<div class=\"col-md-6\">\n\t\t<p><span class=\"wpcf7-form-control-wrap\" data-name=\"email\"><input size=\"40\" class=\"wpcf7-form-control wpcf7-text wpcf7-email wpcf7-validates-as-required wpcf7-validates-as-email form-control\" aria-required=\"true\" aria-invalid=\"false\" placeholder=\"Votre Email\" value=\"\" type=\"email\" name=\"email\" \/><\/span>\n\t\t<\/p>\n\t<\/div>\n<\/div>\n<div class=\"nk-gap-1\">\n<\/div>\n<div>\n\t<p><span class=\"wpcf7-form-control-wrap\" data-name=\"title\"><input size=\"40\" class=\"wpcf7-form-control wpcf7-text wpcf7-validates-as-required form-control\" aria-required=\"true\" aria-invalid=\"false\" placeholder=\"Sujet\" value=\"\" type=\"text\" name=\"title\" \/><\/span>\n\t<\/p>\n<\/div>\n<div class=\"nk-gap-1\">\n<\/div>\n<div>\n\t<p><span class=\"wpcf7-form-control-wrap\" data-name=\"message\"><textarea cols=\"40\" rows=\"8\" class=\"wpcf7-form-control wpcf7-textarea wpcf7-validates-as-required form-control\" aria-required=\"true\" aria-invalid=\"false\" placeholder=\"Votre Message\" name=\"message\"><\/textarea><\/span>\n\t<\/p>\n<\/div>\n<div class=\"nk-gap-1\">\n<\/div>\n<div>\n\t<p><span class=\"wpcf7-form-control-wrap\" data-name=\"datenschutz-1\"><span class=\"wpcf7-form-control wpcf7-acceptance\"><span class=\"wpcf7-list-item\"><label><input type=\"checkbox\" name=\"datenschutz-1\" value=\"1\" aria-invalid=\"false\" \/><span class=\"wpcf7-list-item-label\">J'ai pris connaissance de la politique de confidentialit\u00e9<\/span><\/label><\/span><\/span><\/span>\n\t<\/p>\n<\/div>\n<div class=\"nk-gap-1\">\n<\/div>\n<p><button class=\"nk-btn\">envoyer<\/button>\n<\/p><div class=\"wpcf7-response-output\" aria-hidden=\"true\"><\/div>\n<\/form>\n<\/div>\n[\/vc_column_text][\/vc_column][\/vc_row][vc_row][vc_column][vc_column_text]<\/p>\n<p style=\"text-align: center;\">Nous sommes votre partenaire comp\u00e9tent pour tout ce qui concerne les v\u00e9randas pour Fribourg et sa r\u00e9gion, le Baden W\u00fcrttemberg, le pays badois, L\u00f6rrach, le Markgr\u00e4ferland, Rheinfelden, le Schwarzwald, le Rhin sup\u00e9rieur, le sud de l\u2019Allemagne et l\u2019Alsace (Haut-Rhin et Bas-Rhin). Nous conseillons avec plaisir nos voisins d\u2019Alsace en langue fran\u00e7aise.<\/p>\n<p>[\/vc_column_text][\/vc_column][\/vc_row]<\/p>\n<\/section>","protected":false},"excerpt":{"rendered":"<p>[vc_row][vc_column][vc_column_text] Depuis 1987, nous nous sommes sp\u00e9cialis\u00e9s dans la fabrication de \u00abv\u00e9randas pi\u00e8ces \u00e0 vivre\u00bb de haut de gamme en mettant, l\u00e0 \u00e9galement, l\u2019accent sur des prestations de services compl\u00e8tes [\/vc_column_text][\/vc_column][\/vc_row][vc_row gap=\u00a0\u00bb10&Prime; awb_type=\u00a0\u00bbcolor\u00a0\u00bb awb_stretch=\u00a0\u00bb1&Prime; awb_color=\u00a0\u00bb#0b9736&Prime; css=\u00a0\u00bb.vc_custom_1526822181977{padding-top: 60px !important;padding-right: 20px !important;padding-bottom: 60px !important;padding-left: 20px !important;}\u00a0\u00bb][vc_column width=\u00a0\u00bb1\/4&Prime;][\/vc_column][vc_column width=\u00a0\u00bb1\/4&Prime;][\/vc_column][vc_column width=\u00a0\u00bb1\/4&Prime;][\/vc_column][vc_column width=\u00a0\u00bb1\/4&Prime;][\/vc_column][\/vc_row][vc_row awb_type=\u00a0\u00bbcolor\u00a0\u00bb awb_stretch=\u00a0\u00bb1&Prime; awb_color=\u00a0\u00bb#0b9736&Prime; css=\u00a0\u00bb.vc_custom_1529413750478{margin-top: 100px !important;margin-bottom: 100px [&hellip;]<\/p>\n","protected":false},"author":1,"featured_media":1140,"parent":0,"menu_order":0,"comment_status":"closed","ping_status":"closed","template":"","meta":{"om_disable_all_campaigns":false,"_mi_skip_tracking":false,"_vp_format_video_url":"","_vp_image_focal_point":[]},"acf":[],"aioseo_notices":[],"yoast_head":"<!-- This site is optimized with the Yoast SEO plugin v20.2.1 - https:\/\/yoast.com\/wordpress\/plugins\/seo\/ -->\n<title>Home - Willmann GmbH<\/title>\n<meta name=\"robots\" content=\"index, follow, max-snippet:-1, max-image-preview:large, max-video-preview:-1\" \/>\n<link rel=\"canonical\" href=\"https:\/\/willmann-gmbh.com\/fr\/\" \/>\n<meta property=\"og:locale\" content=\"fr_FR\" \/>\n<meta property=\"og:type\" content=\"article\" \/>\n<meta property=\"og:title\" content=\"Home - Willmann GmbH\" \/>\n<meta property=\"og:description\" content=\"[vc_row][vc_column][vc_column_text] Depuis 1987, nous nous sommes sp\u00e9cialis\u00e9s dans la fabrication de \u00abv\u00e9randas pi\u00e8ces \u00e0 vivre\u00bb de haut de gamme en mettant, l\u00e0 \u00e9galement, l\u2019accent sur des prestations de services compl\u00e8tes [\/vc_column_text][\/vc_column][\/vc_row][vc_row gap=\u00a0\u00bb10&Prime; awb_type=\u00a0\u00bbcolor\u00a0\u00bb awb_stretch=\u00a0\u00bb1&Prime; awb_color=\u00a0\u00bb#0b9736&Prime; css=\u00a0\u00bb.vc_custom_1526822181977{padding-top: 60px !important;padding-right: 20px !important;padding-bottom: 60px !important;padding-left: 20px !important;}\u00a0\u00bb][vc_column width=\u00a0\u00bb1\/4&Prime;][\/vc_column][vc_column width=\u00a0\u00bb1\/4&Prime;][\/vc_column][vc_column width=\u00a0\u00bb1\/4&Prime;][\/vc_column][vc_column width=\u00a0\u00bb1\/4&Prime;][\/vc_column][\/vc_row][vc_row awb_type=\u00a0\u00bbcolor\u00a0\u00bb awb_stretch=\u00a0\u00bb1&Prime; awb_color=\u00a0\u00bb#0b9736&Prime; css=\u00a0\u00bb.vc_custom_1529413750478{margin-top: 100px !important;margin-bottom: 100px [&hellip;]\" \/>\n<meta property=\"og:url\" content=\"https:\/\/willmann-gmbh.com\/fr\/\" \/>\n<meta property=\"og:site_name\" content=\"Willmann GmbH\" \/>\n<meta property=\"article:modified_time\" content=\"2026-01-07T07:45:02+00:00\" \/>\n<meta property=\"og:image\" content=\"https:\/\/willmann-gmbh.com\/wp-content\/uploads\/2023\/07\/008.jpg\" \/>\n\t<meta property=\"og:image:width\" content=\"2560\" \/>\n\t<meta property=\"og:image:height\" content=\"1200\" \/>\n\t<meta property=\"og:image:type\" content=\"image\/jpeg\" \/>\n<meta name=\"twitter:card\" content=\"summary_large_image\" \/>\n<meta name=\"twitter:label1\" content=\"Dur\u00e9e de lecture estim\u00e9e\" \/>\n\t<meta name=\"twitter:data1\" content=\"5 minutes\" \/>\n<script type=\"application\/ld+json\" class=\"yoast-schema-graph\">{\"@context\":\"https:\/\/schema.org\",\"@graph\":[{\"@type\":\"WebPage\",\"@id\":\"https:\/\/willmann-gmbh.com\/fr\/\",\"url\":\"https:\/\/willmann-gmbh.com\/fr\/\",\"name\":\"Home - Willmann GmbH\",\"isPartOf\":{\"@id\":\"https:\/\/willmann-gmbh.com\/#website\"},\"datePublished\":\"2018-05-20T12:31:26+00:00\",\"dateModified\":\"2026-01-07T07:45:02+00:00\",\"breadcrumb\":{\"@id\":\"https:\/\/willmann-gmbh.com\/fr\/#breadcrumb\"},\"inLanguage\":\"fr-FR\",\"potentialAction\":[{\"@type\":\"ReadAction\",\"target\":[\"https:\/\/willmann-gmbh.com\/fr\/\"]}]},{\"@type\":\"BreadcrumbList\",\"@id\":\"https:\/\/willmann-gmbh.com\/fr\/#breadcrumb\",\"itemListElement\":[{\"@type\":\"ListItem\",\"position\":1,\"name\":\"Startseite\",\"item\":\"https:\/\/willmann-gmbh.com\/fr\/\"},{\"@type\":\"ListItem\",\"position\":2,\"name\":\"Home\"}]},{\"@type\":\"WebSite\",\"@id\":\"https:\/\/willmann-gmbh.com\/#website\",\"url\":\"https:\/\/willmann-gmbh.com\/\",\"name\":\"Willmann GmbH\",\"description\":\"\",\"publisher\":{\"@id\":\"https:\/\/willmann-gmbh.com\/#organization\"},\"potentialAction\":[{\"@type\":\"SearchAction\",\"target\":{\"@type\":\"EntryPoint\",\"urlTemplate\":\"https:\/\/willmann-gmbh.com\/?s={search_term_string}\"},\"query-input\":\"required name=search_term_string\"}],\"inLanguage\":\"fr-FR\"},{\"@type\":\"Organization\",\"@id\":\"https:\/\/willmann-gmbh.com\/#organization\",\"name\":\"Willmann GmbH\",\"url\":\"https:\/\/willmann-gmbh.com\/\",\"logo\":{\"@type\":\"ImageObject\",\"inLanguage\":\"fr-FR\",\"@id\":\"https:\/\/willmann-gmbh.com\/#\/schema\/logo\/image\/\",\"url\":\"https:\/\/willmann-gmbh.com\/wp-content\/uploads\/2018\/05\/willmann_logo_png.png\",\"contentUrl\":\"https:\/\/willmann-gmbh.com\/wp-content\/uploads\/2018\/05\/willmann_logo_png.png\",\"width\":288,\"height\":70,\"caption\":\"Willmann GmbH\"},\"image\":{\"@id\":\"https:\/\/willmann-gmbh.com\/#\/schema\/logo\/image\/\"},\"sameAs\":[\"https:\/\/instagram.com\/willmanngmbh\"]}]}<\/script>\n<!-- \/ Yoast SEO plugin. -->","yoast_head_json":{"title":"Home - Willmann GmbH","robots":{"index":"index","follow":"follow","max-snippet":"max-snippet:-1","max-image-preview":"max-image-preview:large","max-video-preview":"max-video-preview:-1"},"canonical":"https:\/\/willmann-gmbh.com\/fr\/","og_locale":"fr_FR","og_type":"article","og_title":"Home - Willmann GmbH","og_description":"[vc_row][vc_column][vc_column_text] Depuis 1987, nous nous sommes sp\u00e9cialis\u00e9s dans la fabrication de \u00abv\u00e9randas pi\u00e8ces \u00e0 vivre\u00bb de haut de gamme en mettant, l\u00e0 \u00e9galement, l\u2019accent sur des prestations de services compl\u00e8tes [\/vc_column_text][\/vc_column][\/vc_row][vc_row gap=\u00a0\u00bb10&Prime; awb_type=\u00a0\u00bbcolor\u00a0\u00bb awb_stretch=\u00a0\u00bb1&Prime; awb_color=\u00a0\u00bb#0b9736&Prime; css=\u00a0\u00bb.vc_custom_1526822181977{padding-top: 60px !important;padding-right: 20px !important;padding-bottom: 60px !important;padding-left: 20px !important;}\u00a0\u00bb][vc_column width=\u00a0\u00bb1\/4&Prime;][\/vc_column][vc_column width=\u00a0\u00bb1\/4&Prime;][\/vc_column][vc_column width=\u00a0\u00bb1\/4&Prime;][\/vc_column][vc_column width=\u00a0\u00bb1\/4&Prime;][\/vc_column][\/vc_row][vc_row awb_type=\u00a0\u00bbcolor\u00a0\u00bb awb_stretch=\u00a0\u00bb1&Prime; awb_color=\u00a0\u00bb#0b9736&Prime; css=\u00a0\u00bb.vc_custom_1529413750478{margin-top: 100px !important;margin-bottom: 100px [&hellip;]","og_url":"https:\/\/willmann-gmbh.com\/fr\/","og_site_name":"Willmann GmbH","article_modified_time":"2026-01-07T07:45:02+00:00","og_image":[{"width":2560,"height":1200,"url":"https:\/\/willmann-gmbh.com\/wp-content\/uploads\/2023\/07\/008.jpg","type":"image\/jpeg"}],"twitter_card":"summary_large_image","twitter_misc":{"Dur\u00e9e de lecture estim\u00e9e":"5 minutes"},"schema":{"@context":"https:\/\/schema.org","@graph":[{"@type":"WebPage","@id":"https:\/\/willmann-gmbh.com\/fr\/","url":"https:\/\/willmann-gmbh.com\/fr\/","name":"Home - Willmann GmbH","isPartOf":{"@id":"https:\/\/willmann-gmbh.com\/#website"},"datePublished":"2018-05-20T12:31:26+00:00","dateModified":"2026-01-07T07:45:02+00:00","breadcrumb":{"@id":"https:\/\/willmann-gmbh.com\/fr\/#breadcrumb"},"inLanguage":"fr-FR","potentialAction":[{"@type":"ReadAction","target":["https:\/\/willmann-gmbh.com\/fr\/"]}]},{"@type":"BreadcrumbList","@id":"https:\/\/willmann-gmbh.com\/fr\/#breadcrumb","itemListElement":[{"@type":"ListItem","position":1,"name":"Startseite","item":"https:\/\/willmann-gmbh.com\/fr\/"},{"@type":"ListItem","position":2,"name":"Home"}]},{"@type":"WebSite","@id":"https:\/\/willmann-gmbh.com\/#website","url":"https:\/\/willmann-gmbh.com\/","name":"Willmann GmbH","description":"","publisher":{"@id":"https:\/\/willmann-gmbh.com\/#organization"},"potentialAction":[{"@type":"SearchAction","target":{"@type":"EntryPoint","urlTemplate":"https:\/\/willmann-gmbh.com\/?s={search_term_string}"},"query-input":"required name=search_term_string"}],"inLanguage":"fr-FR"},{"@type":"Organization","@id":"https:\/\/willmann-gmbh.com\/#organization","name":"Willmann GmbH","url":"https:\/\/willmann-gmbh.com\/","logo":{"@type":"ImageObject","inLanguage":"fr-FR","@id":"https:\/\/willmann-gmbh.com\/#\/schema\/logo\/image\/","url":"https:\/\/willmann-gmbh.com\/wp-content\/uploads\/2018\/05\/willmann_logo_png.png","contentUrl":"https:\/\/willmann-gmbh.com\/wp-content\/uploads\/2018\/05\/willmann_logo_png.png","width":288,"height":70,"caption":"Willmann GmbH"},"image":{"@id":"https:\/\/willmann-gmbh.com\/#\/schema\/logo\/image\/"},"sameAs":["https:\/\/instagram.com\/willmanngmbh"]}]}},"_links":{"self":[{"href":"https:\/\/willmann-gmbh.com\/fr\/wp-json\/wp\/v2\/pages\/171"}],"collection":[{"href":"https:\/\/willmann-gmbh.com\/fr\/wp-json\/wp\/v2\/pages"}],"about":[{"href":"https:\/\/willmann-gmbh.com\/fr\/wp-json\/wp\/v2\/types\/page"}],"author":[{"embeddable":true,"href":"https:\/\/willmann-gmbh.com\/fr\/wp-json\/wp\/v2\/users\/1"}],"replies":[{"embeddable":true,"href":"https:\/\/willmann-gmbh.com\/fr\/wp-json\/wp\/v2\/comments?post=171"}],"version-history":[{"count":33,"href":"https:\/\/willmann-gmbh.com\/fr\/wp-json\/wp\/v2\/pages\/171\/revisions"}],"predecessor-version":[{"id":1380,"href":"https:\/\/willmann-gmbh.com\/fr\/wp-json\/wp\/v2\/pages\/171\/revisions\/1380"}],"wp:featuredmedia":[{"embeddable":true,"href":"https:\/\/willmann-gmbh.com\/fr\/wp-json\/wp\/v2\/media\/1140"}],"wp:attachment":[{"href":"https:\/\/willmann-gmbh.com\/fr\/wp-json\/wp\/v2\/media?parent=171"}],"curies":[{"name":"wp","href":"https:\/\/api.w.org\/{rel}","templated":true}]}}