{"id":246,"date":"2018-06-07T20:00:36","date_gmt":"2018-06-07T18:00:36","guid":{"rendered":"http:\/\/willmann-gmbh.de\/?page_id=246"},"modified":"2019-03-04T15:02:57","modified_gmt":"2019-03-04T14:02:57","slug":"chiens-assis","status":"publish","type":"page","link":"https:\/\/willmann-gmbh.com\/fr\/chiens-assis\/","title":{"rendered":"Chiens-assis"},"content":{"rendered":"<section class=\"wpb-content-wrapper\"><p>[vc_row][vc_column]<h1 class=' text-xs-center '><\/p>\n<div class=\"page-title-captions\">\n<p class=\"entry-title\">Chiens-assis<\/p>\n<\/div>\n<p><\/h1>[vc_column_text]<\/p>\n<p style=\"text-align: center;\">Installer un chien\u2013assis pour am\u00e9nager un grenier ne donne pas seulement \u00e0 la maison plus de personnalit\u00e9, mais cela vous permet aussi de gagner plus de place dans la pi\u00e8ce \u00e0 vivre et d\u2019obtenir plus de lumi\u00e8re. Il est presque toujours possible d\u2019en installer un ult\u00e9rieurement. Face \u00e0 une fen\u00eatre de toit traditionnelle, le chien-assis a en outre comme avantage de ne pas autant chauffer la pi\u00e8ce attenante. L\u2019installation d\u2019un chien-assis est en g\u00e9n\u00e9ral soumise \u00e0 une autorisation pr\u00e9alable.<br \/>\nVous trouverez plus de d\u00e9tails sur les d\u00e9marches \u00e0 suivre dans le plan d\u2019am\u00e9nagement urbain si celui-ci existe<br \/>\nNous sommes \u00e0 votre disposition pour vous conseiller \u00e0 ce sujet.<\/p>\n<p>[\/vc_column_text][\/vc_column][\/vc_row][vc_row][vc_column]<h1 class=' text-xs-left '>Lucarne \u00e0 toit allong\u00e9<\/h1>[vc_row_inner][vc_column_inner width=\u00a0\u00bb1\/3&Prime;][vc_single_image image=\u00a0\u00bb241&Prime; img_size=\u00a0\u00bbfull\u00a0\u00bb][\/vc_column_inner][vc_column_inner width=\u00a0\u00bb2\/3&Prime;][vc_column_text]La lucarne \u00e0 toit allong\u00e9 est une des plus simples et anciennes formes de lucarnes On la trouve aussi bien sur des b\u00e2timents modernes que sur des maisons anciennes<br \/>\nEn g\u00e9n\u00e9ral, la lucarne \u00e0 toit allong\u00e9 est recouverte du m\u00eame mat\u00e9riel de couverture que celui du toit principal. Elle n\u2019est install\u00e9e en principe que sur une toiture suffisamment inclin\u00e9e.<br \/>\nLe raccordement de la toiture sup\u00e9rieure de la lucarne ne devrait pas, pour des raisons d\u2019optique, \u00eatre fait directement sous le fa\u00eetage du toit principal En g\u00e9n\u00e9ral, le raccordement au toit est fait \u00e0 deux ou trois rang\u00e9es de tuiles en dessous du fa\u00eetage.[\/vc_column_text][\/vc_column_inner][\/vc_row_inner][\/vc_column][\/vc_row][vc_row][vc_column]<h1 class=' text-xs-left '>Lucarne \u00e0 toit plat<\/h1>[vc_row_inner][vc_column_inner width=\u00a0\u00bb1\/3&Prime;][vc_single_image image=\u00a0\u00bb406&Prime; img_size=\u00a0\u00bbfull\u00a0\u00bb][\/vc_column_inner][vc_column_inner width=\u00a0\u00bb2\/3&Prime;][vc_column_text]La lucarne \u00e0 toit plat ressemble en partie \u00e0 la lucarne \u00e0 toit allong\u00e9 La pente du toit se situe entre 3 et 5 degr\u00e9s. En raison de sa forme \u00e9pur\u00e9e, elle se pr\u00eate aussi bien aux formes de toits classiques qu\u2019aux formes de toits modernes. Sa faible inclinaison conduit \u00e0 ce qu\u2019elle ne puisse pas \u00eatre couverte avec des tuiles classiques. En g\u00e9n\u00e9ral, le choix se porte sur une couverture soit en cuivre ou en zinc titane. Gr\u00e2ce \u00e0 la construction relativement simple de cette lucarne, une intervention importante sur le toit existant n\u2019est pas n\u00e9cessaire. Les mat\u00e9riaux et les proportions de la lucarne \u00e0 toit plat doivent toutefois \u00eatre adapt\u00e9s au toit principal.[\/vc_column_text][\/vc_column_inner][\/vc_row_inner][\/vc_column][\/vc_row][vc_row][vc_column]<h1 class=' text-xs-left '>Chien assis \u00e0 deux pans<\/h1>[vc_row_inner][vc_column_inner width=\u00a0\u00bb1\/3&Prime;][vc_single_image image=\u00a0\u00bb244&Prime; img_size=\u00a0\u00bbfull\u00a0\u00bb][\/vc_column_inner][vc_column_inner width=\u00a0\u00bb2\/3&Prime;][vc_column_text]Le chien-assis appel\u00e9 aussi souvent \u00ab\u00a0lucarne \u00e0 pignons\u00a0\u00bb est une sorte de lucarne historiquement largement r\u00e9pandue, un grand classique pour les toits \u00e0 plus forte inclinaison. Il est de construction simple : deux surfaces inclin\u00e9es en quinconces forment la surface du toit, dont le fa\u00eetage converge directement vers le toit principal. Les deux tr\u00e8s petites jou\u00e9es situ\u00e9es sur les c\u00f4t\u00e9s et le devant de la fen\u00eatre forment un rectangle.<\/p>\n<p>Ceux qui veulent en installer un, ont besoin d\u2019un toit principal suffisamment inclin\u00e9, en effet il n\u2019est possible d\u2019en poser un qu\u2019\u00e0 partir d\u2019une inclinaison de 30 degr\u00e9s. L\u2019inclinaison du chien-assis tout comme sa couverture doivent \u00eatre adapt\u00e9es au toit principal.<\/p>\n<p>Les pi\u00e8ces lat\u00e9rales du chien-assis seront, en raison de leur faible surface, souvent habill\u00e9es avec des profil\u00e9s \u00e0 joint debout.[\/vc_column_text][\/vc_column_inner][\/vc_row_inner][\/vc_column][\/vc_row][vc_row][vc_column]<h1 class=' text-xs-left '>Lucarne \u00e0 croupe ou \u00e0 capucine<\/h1>[vc_row_inner][vc_column_inner width=\u00a0\u00bb1\/3&Prime;][vc_single_image img_size=\u00a0\u00bbfull\u00a0\u00bb][\/vc_column_inner][vc_column_inner width=\u00a0\u00bb2\/3&Prime;][vc_column_text]Adoss\u00e9e au chien assis \u00e0 deux pans, la lucarne \u00e0 croupe ou capucine est une version en soi, son front est en croupe. La lucarne \u00e0 croupe est adoss\u00e9e optiquement au chien assis \u00e0 deux pans, son front est cependant enti\u00e8rement ou en partie coup\u00e9 en biais. Au lieu d\u2019un pignon clairement saillant, cette croupe veille \u00e0 une transition discr\u00e8te. En l\u2019occurrence le fa\u00eetage et la surface du toit lat\u00e9rale seront raccourcis, ou bien r\u00e9duits.<\/p>\n<p>La croupe sera, en r\u00e8gle g\u00e9n\u00e9ral, r\u00e9alis\u00e9e dans la m\u00eame inclinaison que le toit principal. En raison de son inclinaison, le gain de place \u00e0 l\u2019int\u00e9rieur est l\u00e9g\u00e8rement r\u00e9duit. Lors du choix d&rsquo;un toit en croupe, ce sont les aspects architecturaux qui pr\u00e9dominent plut\u00f4t que l\u2019obtention d\u2019un gain d&rsquo;espace maximum. Cette forme typique implique un travail suppl\u00e9mentaire pour la construction et la couverture du toit, car les tuiles sont plut\u00f4t inappropri\u00e9es pour la couverture d\u2019une lucarne.[\/vc_column_text][\/vc_column_inner][\/vc_row_inner][\/vc_column][\/vc_row][vc_row][vc_column]<h1 class=' text-xs-left '>Lucarne \u00e0 toit bomb\u00e9<\/h1>[vc_row_inner][vc_column_inner width=\u00a0\u00bb1\/3&Prime;][vc_single_image img_size=\u00a0\u00bbfull\u00a0\u00bb][\/vc_column_inner][vc_column_inner width=\u00a0\u00bb2\/3&Prime;][vc_column_text]La lucarne \u00e0 toit bomb\u00e9 est appr\u00e9ci\u00e9e sur les toits modernes.<\/p>\n<p>Il sera diff\u00e9renci\u00e9 entre deux sortes de lucarne \u00e0 toit bomb\u00e9 : la lucarne \u00e0 vo\u00fbte surbaiss\u00e9e et la lucarne ronde. En ce qui concerne la lucarne \u00e0 vo\u00fbte surbaiss\u00e9e, elle trace un arc de cercle qui est pos\u00e9 sur les jou\u00e9es. Pour la lucarne\u00a0ronde c\u2019est au contraire un demi-cercle avec une transition sans heurt. La lucarne \u00e0 toit bomb\u00e9 est tr\u00e8s modulable du fait que la hauteur de l\u2019arc de cercle peut \u00eatre d\u00e9termin\u00e9e ind\u00e9pendamment de la largeur de la lucarne. Elle peut aussi \u00eatre r\u00e9alis\u00e9e avec une largeur plus grande et une hauteur moindre.<\/p>\n<p>L\u2019installation des lucarnes \u00e0 toit bomb\u00e9 est plus complexe \u00e0 cause de leur forme en arc que par exemple celle des chiens \u2013assis \u00e0 deux pans. En raison de leur forme particuli\u00e8re, la t\u00f4le m\u00e9tallique comme par exemple le zinc titane ou le cuivre est appropri\u00e9 pour leur couverture. L\u2019installation des lucarnes \u00e0 toit bomb\u00e9 offre l\u2019avantage qu\u2019elles peuvent \u00eatre install\u00e9es ult\u00e9rieurement sans gros probl\u00e8me \u00e0 condition que les services communaux donnent leur accord[\/vc_column_text][\/vc_column_inner][\/vc_row_inner][\/vc_column][\/vc_row][vc_row][vc_column][vc_column_text]<\/p>\n<h2>Aspects g\u00e9n\u00e9raux du droit de la construction<\/h2>\n<p>Vous souhaitez construire un chien assis, une annexe ou bien une extension, pour cela, vous devez d\u2019abord vous renseigner aupr\u00e8s de la mairie de votre lieu de r\u00e9sidence sur les d\u00e9marches \u00e0 effectuer afin d\u2019obtenir l\u2019autorisation n\u00e9cessaire \u00e0 la r\u00e9alisation de ce projet.<\/p>\n<p>Mais avant de faire les d\u00e9marches, il est n\u00e9cessaire de v\u00e9rifier la qualit\u00e9 de la substance de la construction existante et de clarifier si l\u2019existant est impeccable et apte \u00e0 supporter les travaux envisag\u00e9s<\/p>\n<p>Nous le v\u00e9rifions avec nos clients, N\u2019h\u00e9sitez pas \u00e0 prendre un rendez- vous avec notre sp\u00e9cialiste, il pourra r\u00e9pondre \u00e0 toutes vos interrogations.<\/p>\n<p><u>Quelques informations<\/u>\u00a0:<\/p>\n<p>Une d\u00e9claration pr\u00e9alable est exig\u00e9e\u00a0: d\u00e8s lors que les travaux envisag\u00e9s sur une construction existante\u00a0:<\/p>\n<p>\u00b7\u00a0\u00a0\u00a0\u00a0\u00a0 cr\u00e9ent une surface hors \u0153uvre brut (SHOB) de moins de moins de 40 m\u00b2 dans les zones urbaines des communes couvertes par un plan local d\u2019urbanisme (PLU) ou un document assimil\u00e9, ou 20m\u00b2 dans les autres zones lorsque la SHOB maximale est inf\u00e9rieure \u00e0 20 m\u00b2.<\/p>\n<p>\u00b7\u00a0\u00a0\u00a0\u00a0\u00a0 Modifient le volume du b\u00e2timent entra\u00eenant le percement ou l\u2019agrandissement d\u2019un mur ext\u00e9rieur<\/p>\n<p>\u00b7\u00a0\u00a0\u00a0\u00a0\u00a0 Modifient l\u2019aspect ext\u00e9rieur du b\u00e2timent<\/p>\n<p>\u00b7\u00a0\u00a0\u00a0\u00a0\u00a0 Changent la destination du b\u00e2timent (par exemple transformation d\u2019un local commercial en local d\u2019habitation) m\u00eame lorsque celle-ci n\u2019implique pas de travaux<\/p>\n<p><u>Attention\u00a0<\/u>: Toutefois, entre 20 et 40 m\u00b2, lorsque les extensions ont pour effet de porter la surface totale de la construction au-del\u00e0 du seuil de 170m\u00b2, un permis de construire sera exig\u00e9 ainsi que la validation du projet par un architecte.<\/p>\n<p>Toutes les d\u00e9marches \u00e0 effectuer pour la r\u00e9alisation de votre projet vous seront indiqu\u00e9es par le service comp\u00e9tent de la mairie de votre lieu de r\u00e9sidence.[\/vc_column_text][\/vc_column][\/vc_row]<\/p>\n<\/section>","protected":false},"excerpt":{"rendered":"<p>[vc_row][vc_column][vc_column_text] Installer un chien\u2013assis pour am\u00e9nager un grenier ne donne pas seulement \u00e0 la maison plus de personnalit\u00e9, mais cela vous permet aussi de gagner plus de place dans la pi\u00e8ce \u00e0 vivre et d\u2019obtenir plus de lumi\u00e8re. Il est presque toujours possible d\u2019en installer un ult\u00e9rieurement. Face \u00e0 une fen\u00eatre de toit traditionnelle, le [&hellip;]<\/p>\n","protected":false},"author":1,"featured_media":933,"parent":0,"menu_order":0,"comment_status":"closed","ping_status":"closed","template":"","meta":{"om_disable_all_campaigns":false,"_mi_skip_tracking":false,"_vp_format_video_url":"","_vp_image_focal_point":[]},"acf":[],"aioseo_notices":[],"yoast_head":"<!-- This site is optimized with the Yoast SEO plugin v20.2.1 - https:\/\/yoast.com\/wordpress\/plugins\/seo\/ -->\n<title>Chiens-assis - Willmann GmbH<\/title>\n<meta name=\"robots\" content=\"index, follow, max-snippet:-1, max-image-preview:large, max-video-preview:-1\" \/>\n<link rel=\"canonical\" href=\"https:\/\/willmann-gmbh.com\/fr\/chiens-assis\/\" \/>\n<meta property=\"og:locale\" content=\"fr_FR\" \/>\n<meta property=\"og:type\" content=\"article\" \/>\n<meta property=\"og:title\" content=\"Chiens-assis - Willmann GmbH\" \/>\n<meta property=\"og:description\" content=\"[vc_row][vc_column][vc_column_text] Installer un chien\u2013assis pour am\u00e9nager un grenier ne donne pas seulement \u00e0 la maison plus de personnalit\u00e9, mais cela vous permet aussi de gagner plus de place dans la pi\u00e8ce \u00e0 vivre et d\u2019obtenir plus de lumi\u00e8re. Il est presque toujours possible d\u2019en installer un ult\u00e9rieurement. Face \u00e0 une fen\u00eatre de toit traditionnelle, le [&hellip;]\" \/>\n<meta property=\"og:url\" content=\"https:\/\/willmann-gmbh.com\/fr\/chiens-assis\/\" \/>\n<meta property=\"og:site_name\" content=\"Willmann GmbH\" \/>\n<meta property=\"article:modified_time\" content=\"2019-03-04T14:02:57+00:00\" \/>\n<meta property=\"og:image\" content=\"https:\/\/willmann-gmbh.com\/wp-content\/uploads\/2018\/06\/satteldachgaube.jpg\" \/>\n\t<meta property=\"og:image:width\" content=\"1920\" \/>\n\t<meta property=\"og:image:height\" content=\"1440\" \/>\n\t<meta property=\"og:image:type\" content=\"image\/jpeg\" \/>\n<meta name=\"twitter:card\" content=\"summary_large_image\" \/>\n<meta name=\"twitter:label1\" content=\"Dur\u00e9e de lecture estim\u00e9e\" \/>\n\t<meta name=\"twitter:data1\" content=\"7 minutes\" \/>\n<script type=\"application\/ld+json\" class=\"yoast-schema-graph\">{\"@context\":\"https:\/\/schema.org\",\"@graph\":[{\"@type\":\"WebPage\",\"@id\":\"https:\/\/willmann-gmbh.com\/fr\/chiens-assis\/\",\"url\":\"https:\/\/willmann-gmbh.com\/fr\/chiens-assis\/\",\"name\":\"Chiens-assis - Willmann GmbH\",\"isPartOf\":{\"@id\":\"https:\/\/willmann-gmbh.com\/#website\"},\"datePublished\":\"2018-06-07T18:00:36+00:00\",\"dateModified\":\"2019-03-04T14:02:57+00:00\",\"breadcrumb\":{\"@id\":\"https:\/\/willmann-gmbh.com\/fr\/chiens-assis\/#breadcrumb\"},\"inLanguage\":\"fr-FR\",\"potentialAction\":[{\"@type\":\"ReadAction\",\"target\":[\"https:\/\/willmann-gmbh.com\/fr\/chiens-assis\/\"]}]},{\"@type\":\"BreadcrumbList\",\"@id\":\"https:\/\/willmann-gmbh.com\/fr\/chiens-assis\/#breadcrumb\",\"itemListElement\":[{\"@type\":\"ListItem\",\"position\":1,\"name\":\"Startseite\",\"item\":\"https:\/\/willmann-gmbh.com\/fr\/\"},{\"@type\":\"ListItem\",\"position\":2,\"name\":\"Chiens-assis\"}]},{\"@type\":\"WebSite\",\"@id\":\"https:\/\/willmann-gmbh.com\/#website\",\"url\":\"https:\/\/willmann-gmbh.com\/\",\"name\":\"Willmann GmbH\",\"description\":\"\",\"publisher\":{\"@id\":\"https:\/\/willmann-gmbh.com\/#organization\"},\"potentialAction\":[{\"@type\":\"SearchAction\",\"target\":{\"@type\":\"EntryPoint\",\"urlTemplate\":\"https:\/\/willmann-gmbh.com\/?s={search_term_string}\"},\"query-input\":\"required name=search_term_string\"}],\"inLanguage\":\"fr-FR\"},{\"@type\":\"Organization\",\"@id\":\"https:\/\/willmann-gmbh.com\/#organization\",\"name\":\"Willmann GmbH\",\"url\":\"https:\/\/willmann-gmbh.com\/\",\"logo\":{\"@type\":\"ImageObject\",\"inLanguage\":\"fr-FR\",\"@id\":\"https:\/\/willmann-gmbh.com\/#\/schema\/logo\/image\/\",\"url\":\"https:\/\/willmann-gmbh.com\/wp-content\/uploads\/2018\/05\/willmann_logo_png.png\",\"contentUrl\":\"https:\/\/willmann-gmbh.com\/wp-content\/uploads\/2018\/05\/willmann_logo_png.png\",\"width\":288,\"height\":70,\"caption\":\"Willmann GmbH\"},\"image\":{\"@id\":\"https:\/\/willmann-gmbh.com\/#\/schema\/logo\/image\/\"},\"sameAs\":[\"https:\/\/instagram.com\/willmanngmbh\"]}]}<\/script>\n<!-- \/ Yoast SEO plugin. -->","yoast_head_json":{"title":"Chiens-assis - Willmann GmbH","robots":{"index":"index","follow":"follow","max-snippet":"max-snippet:-1","max-image-preview":"max-image-preview:large","max-video-preview":"max-video-preview:-1"},"canonical":"https:\/\/willmann-gmbh.com\/fr\/chiens-assis\/","og_locale":"fr_FR","og_type":"article","og_title":"Chiens-assis - Willmann GmbH","og_description":"[vc_row][vc_column][vc_column_text] Installer un chien\u2013assis pour am\u00e9nager un grenier ne donne pas seulement \u00e0 la maison plus de personnalit\u00e9, mais cela vous permet aussi de gagner plus de place dans la pi\u00e8ce \u00e0 vivre et d\u2019obtenir plus de lumi\u00e8re. Il est presque toujours possible d\u2019en installer un ult\u00e9rieurement. Face \u00e0 une fen\u00eatre de toit traditionnelle, le [&hellip;]","og_url":"https:\/\/willmann-gmbh.com\/fr\/chiens-assis\/","og_site_name":"Willmann GmbH","article_modified_time":"2019-03-04T14:02:57+00:00","og_image":[{"width":1920,"height":1440,"url":"https:\/\/willmann-gmbh.com\/wp-content\/uploads\/2018\/06\/satteldachgaube.jpg","type":"image\/jpeg"}],"twitter_card":"summary_large_image","twitter_misc":{"Dur\u00e9e de lecture estim\u00e9e":"7 minutes"},"schema":{"@context":"https:\/\/schema.org","@graph":[{"@type":"WebPage","@id":"https:\/\/willmann-gmbh.com\/fr\/chiens-assis\/","url":"https:\/\/willmann-gmbh.com\/fr\/chiens-assis\/","name":"Chiens-assis - Willmann GmbH","isPartOf":{"@id":"https:\/\/willmann-gmbh.com\/#website"},"datePublished":"2018-06-07T18:00:36+00:00","dateModified":"2019-03-04T14:02:57+00:00","breadcrumb":{"@id":"https:\/\/willmann-gmbh.com\/fr\/chiens-assis\/#breadcrumb"},"inLanguage":"fr-FR","potentialAction":[{"@type":"ReadAction","target":["https:\/\/willmann-gmbh.com\/fr\/chiens-assis\/"]}]},{"@type":"BreadcrumbList","@id":"https:\/\/willmann-gmbh.com\/fr\/chiens-assis\/#breadcrumb","itemListElement":[{"@type":"ListItem","position":1,"name":"Startseite","item":"https:\/\/willmann-gmbh.com\/fr\/"},{"@type":"ListItem","position":2,"name":"Chiens-assis"}]},{"@type":"WebSite","@id":"https:\/\/willmann-gmbh.com\/#website","url":"https:\/\/willmann-gmbh.com\/","name":"Willmann GmbH","description":"","publisher":{"@id":"https:\/\/willmann-gmbh.com\/#organization"},"potentialAction":[{"@type":"SearchAction","target":{"@type":"EntryPoint","urlTemplate":"https:\/\/willmann-gmbh.com\/?s={search_term_string}"},"query-input":"required name=search_term_string"}],"inLanguage":"fr-FR"},{"@type":"Organization","@id":"https:\/\/willmann-gmbh.com\/#organization","name":"Willmann GmbH","url":"https:\/\/willmann-gmbh.com\/","logo":{"@type":"ImageObject","inLanguage":"fr-FR","@id":"https:\/\/willmann-gmbh.com\/#\/schema\/logo\/image\/","url":"https:\/\/willmann-gmbh.com\/wp-content\/uploads\/2018\/05\/willmann_logo_png.png","contentUrl":"https:\/\/willmann-gmbh.com\/wp-content\/uploads\/2018\/05\/willmann_logo_png.png","width":288,"height":70,"caption":"Willmann GmbH"},"image":{"@id":"https:\/\/willmann-gmbh.com\/#\/schema\/logo\/image\/"},"sameAs":["https:\/\/instagram.com\/willmanngmbh"]}]}},"_links":{"self":[{"href":"https:\/\/willmann-gmbh.com\/fr\/wp-json\/wp\/v2\/pages\/246"}],"collection":[{"href":"https:\/\/willmann-gmbh.com\/fr\/wp-json\/wp\/v2\/pages"}],"about":[{"href":"https:\/\/willmann-gmbh.com\/fr\/wp-json\/wp\/v2\/types\/page"}],"author":[{"embeddable":true,"href":"https:\/\/willmann-gmbh.com\/fr\/wp-json\/wp\/v2\/users\/1"}],"replies":[{"embeddable":true,"href":"https:\/\/willmann-gmbh.com\/fr\/wp-json\/wp\/v2\/comments?post=246"}],"version-history":[{"count":8,"href":"https:\/\/willmann-gmbh.com\/fr\/wp-json\/wp\/v2\/pages\/246\/revisions"}],"predecessor-version":[{"id":664,"href":"https:\/\/willmann-gmbh.com\/fr\/wp-json\/wp\/v2\/pages\/246\/revisions\/664"}],"wp:featuredmedia":[{"embeddable":true,"href":"https:\/\/willmann-gmbh.com\/fr\/wp-json\/wp\/v2\/media\/933"}],"wp:attachment":[{"href":"https:\/\/willmann-gmbh.com\/fr\/wp-json\/wp\/v2\/media?parent=246"}],"curies":[{"name":"wp","href":"https:\/\/api.w.org\/{rel}","templated":true}]}}