{"id":249,"date":"2018-06-07T20:06:34","date_gmt":"2018-06-07T18:06:34","guid":{"rendered":"http:\/\/willmann-gmbh.de\/?page_id=249"},"modified":"2018-10-26T07:02:26","modified_gmt":"2018-10-26T05:02:26","slug":"surelevations","status":"publish","type":"page","link":"https:\/\/willmann-gmbh.com\/fr\/surelevations\/","title":{"rendered":"Sur\u00e9l\u00e9vations"},"content":{"rendered":"<section class=\"wpb-content-wrapper\"><p>[vc_row][vc_column]<h1 class=' text-xs-center '><\/p>\n<p class=\"entry-title\">Sur\u00e9l\u00e9vations<\/p>\n<p><\/h1>[vc_column_text]<\/p>\n<p style=\"text-align: center;\">Avec une sur\u00e9l\u00e9vation de votre maison, le but est d\u2018obtenir une surface habitable suppl\u00e9mentaire sans pour cela devoir construire sur une autre surface de terrain.<\/p>\n<p>[\/vc_column_text][\/vc_column][\/vc_row][vc_row][vc_column]<h1 class=' text-xs-center '><\/p>\n<div class=\"page-title-captions\">\n<div class=\"page-title-captions\">\n<p class=\"entry-title\">Agrandissement et transformation<\/p>\n<\/div>\n<\/div>\n<p><\/h1>[vc_column_text]<\/p>\n<p style=\"text-align: center;\">Les agrandissements et les transformations vous offrent la possibilit\u00e9 d\u2019agrandir,<br \/>\nde moderniser ou de r\u00e9pondre \u00e0 vos besoins actuels.<\/p>\n<p>[\/vc_column_text][\/vc_column][\/vc_row]<\/p>\n<\/section>","protected":false},"excerpt":{"rendered":"<p>[vc_row][vc_column][vc_column_text] Avec une sur\u00e9l\u00e9vation de votre maison, le but est d\u2018obtenir une surface habitable suppl\u00e9mentaire sans pour cela devoir construire sur une autre surface de terrain. [\/vc_column_text][\/vc_column][\/vc_row][vc_row][vc_column][vc_column_text] Les agrandissements et les transformations vous offrent la possibilit\u00e9 d\u2019agrandir, de moderniser ou de r\u00e9pondre \u00e0 vos besoins actuels. [\/vc_column_text][\/vc_column][\/vc_row]<\/p>\n","protected":false},"author":1,"featured_media":973,"parent":0,"menu_order":0,"comment_status":"closed","ping_status":"closed","template":"","meta":{"om_disable_all_campaigns":false,"_mi_skip_tracking":false,"_vp_format_video_url":"","_vp_image_focal_point":[]},"acf":[],"aioseo_notices":[],"yoast_head":"<!-- This site is optimized with the Yoast SEO plugin v20.2.1 - https:\/\/yoast.com\/wordpress\/plugins\/seo\/ -->\n<title>Sur\u00e9l\u00e9vations - Willmann GmbH<\/title>\n<meta name=\"robots\" content=\"index, follow, max-snippet:-1, max-image-preview:large, max-video-preview:-1\" \/>\n<link rel=\"canonical\" href=\"https:\/\/willmann-gmbh.com\/fr\/surelevations\/\" \/>\n<meta property=\"og:locale\" content=\"fr_FR\" \/>\n<meta property=\"og:type\" content=\"article\" \/>\n<meta property=\"og:title\" content=\"Sur\u00e9l\u00e9vations - Willmann GmbH\" \/>\n<meta property=\"og:description\" content=\"[vc_row][vc_column][vc_column_text] Avec une sur\u00e9l\u00e9vation de votre maison, le but est d\u2018obtenir une surface habitable suppl\u00e9mentaire sans pour cela devoir construire sur une autre surface de terrain. [\/vc_column_text][\/vc_column][\/vc_row][vc_row][vc_column][vc_column_text] Les agrandissements et les transformations vous offrent la possibilit\u00e9 d\u2019agrandir, de moderniser ou de r\u00e9pondre \u00e0 vos besoins actuels. [\/vc_column_text][\/vc_column][\/vc_row]\" \/>\n<meta property=\"og:url\" content=\"https:\/\/willmann-gmbh.com\/fr\/surelevations\/\" \/>\n<meta property=\"og:site_name\" content=\"Willmann GmbH\" \/>\n<meta property=\"article:modified_time\" content=\"2018-10-26T05:02:26+00:00\" \/>\n<meta property=\"og:image\" content=\"https:\/\/willmann-gmbh.com\/wp-content\/uploads\/2018\/07\/Aufstockung-Gundelfingen.jpg\" \/>\n\t<meta property=\"og:image:width\" content=\"1504\" \/>\n\t<meta property=\"og:image:height\" content=\"1000\" \/>\n\t<meta property=\"og:image:type\" content=\"image\/jpeg\" \/>\n<meta name=\"twitter:card\" content=\"summary_large_image\" \/>\n<meta name=\"twitter:label1\" content=\"Dur\u00e9e de lecture estim\u00e9e\" \/>\n\t<meta name=\"twitter:data1\" content=\"1 minute\" \/>\n<script type=\"application\/ld+json\" class=\"yoast-schema-graph\">{\"@context\":\"https:\/\/schema.org\",\"@graph\":[{\"@type\":\"WebPage\",\"@id\":\"https:\/\/willmann-gmbh.com\/fr\/surelevations\/\",\"url\":\"https:\/\/willmann-gmbh.com\/fr\/surelevations\/\",\"name\":\"Sur\u00e9l\u00e9vations - Willmann GmbH\",\"isPartOf\":{\"@id\":\"https:\/\/willmann-gmbh.com\/#website\"},\"datePublished\":\"2018-06-07T18:06:34+00:00\",\"dateModified\":\"2018-10-26T05:02:26+00:00\",\"breadcrumb\":{\"@id\":\"https:\/\/willmann-gmbh.com\/fr\/surelevations\/#breadcrumb\"},\"inLanguage\":\"fr-FR\",\"potentialAction\":[{\"@type\":\"ReadAction\",\"target\":[\"https:\/\/willmann-gmbh.com\/fr\/surelevations\/\"]}]},{\"@type\":\"BreadcrumbList\",\"@id\":\"https:\/\/willmann-gmbh.com\/fr\/surelevations\/#breadcrumb\",\"itemListElement\":[{\"@type\":\"ListItem\",\"position\":1,\"name\":\"Startseite\",\"item\":\"https:\/\/willmann-gmbh.com\/fr\/\"},{\"@type\":\"ListItem\",\"position\":2,\"name\":\"Sur\u00e9l\u00e9vations\"}]},{\"@type\":\"WebSite\",\"@id\":\"https:\/\/willmann-gmbh.com\/#website\",\"url\":\"https:\/\/willmann-gmbh.com\/\",\"name\":\"Willmann GmbH\",\"description\":\"\",\"publisher\":{\"@id\":\"https:\/\/willmann-gmbh.com\/#organization\"},\"potentialAction\":[{\"@type\":\"SearchAction\",\"target\":{\"@type\":\"EntryPoint\",\"urlTemplate\":\"https:\/\/willmann-gmbh.com\/?s={search_term_string}\"},\"query-input\":\"required name=search_term_string\"}],\"inLanguage\":\"fr-FR\"},{\"@type\":\"Organization\",\"@id\":\"https:\/\/willmann-gmbh.com\/#organization\",\"name\":\"Willmann GmbH\",\"url\":\"https:\/\/willmann-gmbh.com\/\",\"logo\":{\"@type\":\"ImageObject\",\"inLanguage\":\"fr-FR\",\"@id\":\"https:\/\/willmann-gmbh.com\/#\/schema\/logo\/image\/\",\"url\":\"https:\/\/willmann-gmbh.com\/wp-content\/uploads\/2018\/05\/willmann_logo_png.png\",\"contentUrl\":\"https:\/\/willmann-gmbh.com\/wp-content\/uploads\/2018\/05\/willmann_logo_png.png\",\"width\":288,\"height\":70,\"caption\":\"Willmann GmbH\"},\"image\":{\"@id\":\"https:\/\/willmann-gmbh.com\/#\/schema\/logo\/image\/\"},\"sameAs\":[\"https:\/\/instagram.com\/willmanngmbh\"]}]}<\/script>\n<!-- \/ Yoast SEO plugin. -->","yoast_head_json":{"title":"Sur\u00e9l\u00e9vations - Willmann GmbH","robots":{"index":"index","follow":"follow","max-snippet":"max-snippet:-1","max-image-preview":"max-image-preview:large","max-video-preview":"max-video-preview:-1"},"canonical":"https:\/\/willmann-gmbh.com\/fr\/surelevations\/","og_locale":"fr_FR","og_type":"article","og_title":"Sur\u00e9l\u00e9vations - Willmann GmbH","og_description":"[vc_row][vc_column][vc_column_text] Avec une sur\u00e9l\u00e9vation de votre maison, le but est d\u2018obtenir une surface habitable suppl\u00e9mentaire sans pour cela devoir construire sur une autre surface de terrain. [\/vc_column_text][\/vc_column][\/vc_row][vc_row][vc_column][vc_column_text] Les agrandissements et les transformations vous offrent la possibilit\u00e9 d\u2019agrandir, de moderniser ou de r\u00e9pondre \u00e0 vos besoins actuels. [\/vc_column_text][\/vc_column][\/vc_row]","og_url":"https:\/\/willmann-gmbh.com\/fr\/surelevations\/","og_site_name":"Willmann GmbH","article_modified_time":"2018-10-26T05:02:26+00:00","og_image":[{"width":1504,"height":1000,"url":"https:\/\/willmann-gmbh.com\/wp-content\/uploads\/2018\/07\/Aufstockung-Gundelfingen.jpg","type":"image\/jpeg"}],"twitter_card":"summary_large_image","twitter_misc":{"Dur\u00e9e de lecture estim\u00e9e":"1 minute"},"schema":{"@context":"https:\/\/schema.org","@graph":[{"@type":"WebPage","@id":"https:\/\/willmann-gmbh.com\/fr\/surelevations\/","url":"https:\/\/willmann-gmbh.com\/fr\/surelevations\/","name":"Sur\u00e9l\u00e9vations - Willmann GmbH","isPartOf":{"@id":"https:\/\/willmann-gmbh.com\/#website"},"datePublished":"2018-06-07T18:06:34+00:00","dateModified":"2018-10-26T05:02:26+00:00","breadcrumb":{"@id":"https:\/\/willmann-gmbh.com\/fr\/surelevations\/#breadcrumb"},"inLanguage":"fr-FR","potentialAction":[{"@type":"ReadAction","target":["https:\/\/willmann-gmbh.com\/fr\/surelevations\/"]}]},{"@type":"BreadcrumbList","@id":"https:\/\/willmann-gmbh.com\/fr\/surelevations\/#breadcrumb","itemListElement":[{"@type":"ListItem","position":1,"name":"Startseite","item":"https:\/\/willmann-gmbh.com\/fr\/"},{"@type":"ListItem","position":2,"name":"Sur\u00e9l\u00e9vations"}]},{"@type":"WebSite","@id":"https:\/\/willmann-gmbh.com\/#website","url":"https:\/\/willmann-gmbh.com\/","name":"Willmann GmbH","description":"","publisher":{"@id":"https:\/\/willmann-gmbh.com\/#organization"},"potentialAction":[{"@type":"SearchAction","target":{"@type":"EntryPoint","urlTemplate":"https:\/\/willmann-gmbh.com\/?s={search_term_string}"},"query-input":"required name=search_term_string"}],"inLanguage":"fr-FR"},{"@type":"Organization","@id":"https:\/\/willmann-gmbh.com\/#organization","name":"Willmann GmbH","url":"https:\/\/willmann-gmbh.com\/","logo":{"@type":"ImageObject","inLanguage":"fr-FR","@id":"https:\/\/willmann-gmbh.com\/#\/schema\/logo\/image\/","url":"https:\/\/willmann-gmbh.com\/wp-content\/uploads\/2018\/05\/willmann_logo_png.png","contentUrl":"https:\/\/willmann-gmbh.com\/wp-content\/uploads\/2018\/05\/willmann_logo_png.png","width":288,"height":70,"caption":"Willmann GmbH"},"image":{"@id":"https:\/\/willmann-gmbh.com\/#\/schema\/logo\/image\/"},"sameAs":["https:\/\/instagram.com\/willmanngmbh"]}]}},"_links":{"self":[{"href":"https:\/\/willmann-gmbh.com\/fr\/wp-json\/wp\/v2\/pages\/249"}],"collection":[{"href":"https:\/\/willmann-gmbh.com\/fr\/wp-json\/wp\/v2\/pages"}],"about":[{"href":"https:\/\/willmann-gmbh.com\/fr\/wp-json\/wp\/v2\/types\/page"}],"author":[{"embeddable":true,"href":"https:\/\/willmann-gmbh.com\/fr\/wp-json\/wp\/v2\/users\/1"}],"replies":[{"embeddable":true,"href":"https:\/\/willmann-gmbh.com\/fr\/wp-json\/wp\/v2\/comments?post=249"}],"version-history":[{"count":6,"href":"https:\/\/willmann-gmbh.com\/fr\/wp-json\/wp\/v2\/pages\/249\/revisions"}],"predecessor-version":[{"id":629,"href":"https:\/\/willmann-gmbh.com\/fr\/wp-json\/wp\/v2\/pages\/249\/revisions\/629"}],"wp:featuredmedia":[{"embeddable":true,"href":"https:\/\/willmann-gmbh.com\/fr\/wp-json\/wp\/v2\/media\/973"}],"wp:attachment":[{"href":"https:\/\/willmann-gmbh.com\/fr\/wp-json\/wp\/v2\/media?parent=249"}],"curies":[{"name":"wp","href":"https:\/\/api.w.org\/{rel}","templated":true}]}}