{"id":597,"date":"2018-10-17T20:56:37","date_gmt":"2018-10-17T18:56:37","guid":{"rendered":"https:\/\/willmann-gmbh.com\/?page_id=597"},"modified":"2018-11-21T12:26:34","modified_gmt":"2018-11-21T11:26:34","slug":"protection-des-donnees","status":"publish","type":"page","link":"https:\/\/willmann-gmbh.com\/fr\/protection-des-donnees\/","title":{"rendered":"Protection des donn\u00e9es"},"content":{"rendered":"<section class=\"wpb-content-wrapper\"><p>[vc_row][vc_column][vc_column_text]<\/p>\n<div class=\"wpb_text_column vc_custom_1522920569423\">\n<div class=\"wpb_wrapper\">\n<h3>Donn\u00e9es :<\/h3>\n<p>La soci\u00e9t\u00e9 Willmann GmbH ou un fournisseur parall\u00e8le recueille des donn\u00e9es sur les acc\u00e8s au site et les enregistre en tant que \u00ab\u00a0fichiers journaux de serveur\u00a0\u00bb.<\/p>\n<ul>\n<li>Site visit\u00e9<\/li>\n<li>Date et heure d\u2019acc\u00e8s au site<\/li>\n<li>Quantit\u00e9 des donn\u00e9es en octet<\/li>\n<li>source\/ r\u00e9f\u00e9rence et par quel moyen vous \u00eates rentr\u00e9 sur la page<\/li>\n<li>Logiciel de navigation utilis\u00e9<\/li>\n<li>Syst\u00e8me d\u2019exploitation utilis\u00e9<\/li>\n<li>Adresse I.P. utilis\u00e9e<\/li>\n<\/ul>\n<p>Les donn\u00e9es collect\u00e9es servent seulement \u00e0 l\u2019exploitation de statistiques et \u00e0 l\u2019am\u00e9lioration de notre site en ligne. L\u2019entreprise Willmann se r\u00e9serve ult\u00e9rieurement le droit de v\u00e9rifier le serveur \u00ab\u00a0Log files\u00a0\u00bb s\u2019il devait y avoir des indications concr\u00e8tes d\u2019utilisation illicite.<\/p>\n<h3>Cookies<\/h3>\n<p>Les sites internet utilisent en partie des cookies, les cookies ne nuisent pas \u00e0 votre ordinateur et ne contiennent pas de virus. Les cookies servent \u00e0 rendre notre offre plus conviviale, plus efficace et plus s\u00fbre. Les cookies sont des fichiers-texte qui sont stock\u00e9s sur votre ordinateur et que votre serveur enregistre.<\/p>\n<p>La plupart des cookies utilis\u00e9s par notre entreprise sont des cookies nomm\u00e9s \u00ab\u00a0session-cookies\u00a0\u00bb, ils sont automatiquement effac\u00e9s \u00e0 la fin de votre visite sur le site. D\u2019autres cookies restent enregistr\u00e9s sur votre ordinateur jusqu\u2019\u00e0 ce que vous les effaciez.<\/p>\n<p>Vous pouvez configurer votre navigateur pour \u00eatre inform\u00e9 du param\u00e9trage des cookies, les autoriser uniquement dans des cas individuels, les accepter dans certains cas ou les exclure et activer leur suppression automatique lors de la fermeture du navigateur. La d\u00e9sactivation des cookies peut limiter la fonctionnalit\u00e9 de ce site Web.<\/p>\n<h3>Traitement des donn\u00e9es \u00e0 caract\u00e8re personne<\/h3>\n<p>La soci\u00e9t\u00e9 Willmann GmbH recueille, utilise et transmet vos donn\u00e9es personnelles uniquement si cela est autoris\u00e9 par la loi ou si vous consentez \u00e0 la collecte de donn\u00e9es.<\/p>\n<p>Le terme \u00abInformations \u00e0 caract\u00e8re personnel\u00bb d\u00e9signe toutes les informations qui peuvent servir \u00e0 identifier un individu, comme par exemple votre nom, votre adresse mail et votre n\u00b0 de t\u00e9l\u00e9phone.<\/p>\n<h3>Traitement des donn\u00e9es de contact<\/h3>\n<p>Lorsque vous contactez l\u2019entreprise Willmann en utilisant un des moyens de contact propos\u00e9s, elle sauvegardera vos coordonn\u00e9es sous forme d\u2019un Email sur son serveur afin qu\u2019elle puisse traiter votre demande et vous r\u00e9pondre. Vos donn\u00e9es ne pourront faire l\u2019objet de cession \u00e0 des tiers sans votre accord.<\/p>\n<h3>Formulaire de contact.<\/h3>\n<p>Lorsque vous nous contactez avec notre formulaire de contact, les informations que vous nous aurez transmises seront sauvegard\u00e9es afin de pouvoir r\u00e9pondre \u00e0 votre demande mais elles ne pourront faire l\u2019objet de cession \u00e0 des tiers sans votre accord.<\/p>\n<h3>Google Analytics<\/h3>\n<p>Ce site utilise \u00e9galement le service d\u2019analyse Internet Google Analytics mis en place par la soci\u00e9t\u00e9 Google Inc., Amphitheatre Parkway Mountain View \u2013 CA 94043, USA<\/p>\n<p>Google Analytics utilise \u00e9galement des cookies, c\u2019est-\u00e0-dire des fichiers texte qui sont enregistr\u00e9s sur votre ordinateur et qui permettent d\u2019analyser votre mani\u00e8re d\u2019utiliser notre site Internet. Les informations g\u00e9n\u00e9r\u00e9es par ces cookies et concernant votre utilisation de notre site Internet (y compris votre adresse IP) sont transmises \u00e0 un serveur de la Soci\u00e9t\u00e9 Google, aux Etats-Unis, et m\u00e9moris\u00e9es sur ce serveur.<\/p>\n<h3>Anonymisation des donn\u00e9es:<\/h3>\n<p>Nous avons activ\u00e9 la fonction IP-anonymisation sur notre site. En cons\u00e9quence, votre adresse IP sera abr\u00e9g\u00e9e par Google dans les pays membres de l\u2019union europ\u00e9enne ou dans les pays ayant conclu un accord \u00e9conomique avec l\u2019Union europ\u00e9enne, avant d\u2019\u00eatre transmise aux \u00c9tats-Unis. Dans des cas exceptionnels, l\u2019adresse IP compl\u00e8te est envoy\u00e9e \u00e0 un serveur de Google aux Etats-Unis et abr\u00e9g\u00e9e sur place. Google utilisera ces informations pour \u00e9valuer votre utilisation du site Web, pour \u00a0r\u00e9diger des rapports sur les activit\u00e9s de ce site et fournir d&rsquo;autres services li\u00e9s \u00e0 l&rsquo;activit\u00e9 du site Web et \u00e0 l&rsquo;utilisation d&rsquo;Internet \u00e0 son exploitant. L&rsquo;adresse IP fournie par Google Analytics dans le cadre de Google Analytics ne sera pas fusionn\u00e9e avec d&rsquo;autres donn\u00e9es fournies par Google.<\/p>\n<h3>Browser-Plug-in<\/h3>\n<p>Vous pouvez bloquer l&rsquo;enregistrement des cookies en param\u00e9trant votre navigateur .Cependant, nous attirons votre attention sur le fait qu&rsquo;une telle d\u00e9sactivation pourrait emp\u00eacher l&rsquo;utilisation\u00a0de certaines fonctionnalit\u00e9s de ce site. Si vous ne souhaitez pas transmettre d&rsquo;informations \u00e0 Google Analytics, vous avez la possibilit\u00e9 de bloquer la transmission et le traitement des informations r\u00e9colt\u00e9es par les cookies (y compris l&rsquo;adresse IP) en t\u00e9l\u00e9chargeant et en installant le module suivant dans votre navigateur\u00a0: http:\/\/tools.google.com\/dlpage\/gaoptout?hl=de.<\/p>\n<h3>Opposition \u00e0 la collecte des donn\u00e9es<\/h3>\n<p>Vous pouvez emp\u00eacher la collecte de vos donn\u00e9es par Google Analytics en cliquant sur le lien ci-dessous. Un cookie de d\u00e9sactivation \u00abOpt-out\u00bb sera d\u00e9fini pour emp\u00eacher la collecte de vos donn\u00e9es lors de vos prochaines visites sur ce site. Pour plus d\u2019informations sur la gestion des donn\u00e9es des utilisateurs, consultez la politique de confidentialit\u00e9 de Google Analytics en cliquant sur sur le lien suivant\u00a0:<\/p>\n<p>https.\/\/support.google.com\/analytics\/answer\/6004245?hl=fr<\/p>\n<h3>Utilisation des donn\u00e9es d\u00e9mographiques avec Google analytics<\/h3>\n<p>Ce site utilise la fonction \u00abdonn\u00e9es d\u00e9mographiques\u00bb de Google Analytics, elle permet d\u2019\u00e9tablir des statistiques sur l\u2019\u00e2ge, le sexe et les int\u00e9r\u00eats des visiteurs de notre site. Les donn\u00e9es utilis\u00e9es proviennent de publicit\u00e9s cibl\u00e9es de Google et de donn\u00e9es de prestataires externes. Ces donn\u00e9es ne peuvent pas \u00eatre attribu\u00e9es \u00e0 une personne en particulier. Vous pouvez \u00e0 tout moment d\u00e9sactiver cette fonction dans votre compte Google ou bien proc\u00e9der comme cela est expliqu\u00e9 dans le paragraphe \u00abopposition \u00e0 la collecte des donn\u00e9es\u00bb.<\/p>\n<h3>Google Web Fonts<\/h3>\n<p>Ce site utilise des polices web, fournies par Google, pour l\u2019affichage uniforme des polices. Lorsque vous appelez une page, votre navigateur charge les polices Web requises dans le cache de votre navigateur pour afficher correctement les textes et les polices.<\/p>\n<p>A cette fin, le navigateur que vous utilisez doit se connecter aux serveurs de Google. De ce fait, Google apprend que notre site Web a \u00e9t\u00e9 consult\u00e9 via votre adresse IP. L&rsquo;utilisation de Google Web Fonts permet une pr\u00e9sentation coh\u00e9rente et attrayante de notre offre en ligne. Ceci constitue un int\u00e9r\u00eat l\u00e9gitime au sens de l&rsquo;article 6, paragraphe 1, lit. f DSGVO.<\/p>\n<p>Si votre navigateur ne prend pas en charge les polices Web, une police par d\u00e9faut sera utilis\u00e9e par votre ordinateur.<\/p>\n<p>Vous trouverez plus d\u2019informations sur Google Web Fonts sur\u00a0:<\/p>\n<p>https:\/\/developers.google.com\/fonts\/faq et dans la d\u00e9claration de confidentialit\u00e9 de Google :<br \/>\nhttps:\/\/www.google.com\/policies\/privacy\/<\/p>\n<h3>Google Maps<\/h3>\n<p>Ce site utilise le service de carte Google Maps via une API. Le fournisseur est Google Inc., 1600 Amphitheater Parkway, Mountain View, CA 94043, \u00c9tats-Unis.<\/p>\n<p>Pour utiliser les fonctionnalit\u00e9s de Google Maps, il est n\u00e9cessaire de sauvegarder votre adresse IP. Ces informations sont g\u00e9n\u00e9ralement transmises et stock\u00e9es sur un serveur Google aux \u00c9tats-Unis. Le fournisseur de ce site n&rsquo;a aucune influence sur ce transfert de donn\u00e9es.<\/p>\n<h3>Droits de l&rsquo;utilisateur: information, correction et suppression<\/h3>\n<p>En tant qu&rsquo;utilisateur, vous recevrez, \u00e0 votre demande, des informations gratuites sur les donn\u00e9es personnelles qui ont \u00e9t\u00e9 enregistr\u00e9es \u00e0 votre sujet. Si votre demande n&rsquo;entrave pas l&rsquo;obligation l\u00e9gale de conserver les donn\u00e9es (par exemple, la conservation des donn\u00e9es), vous avez le droit de corriger les donn\u00e9es incorrectes, de les bloquer ou de les supprimer.<\/p>\n<h3>E-mails publicitaires, contestation<\/h3>\n<p>Par la pr\u00e9sente notification et dans le cadre des mentions l\u00e9gales, l\u2019utilisation de donn\u00e9es personnelles est suspendue pour l\u2019envoi de publicit\u00e9 et documents d\u2019information lorsque ceux-ci n\u2019ont pas \u00e9t\u00e9 explicitement sollicit\u00e9s. L\u2019entreprise Willmann GmbH se r\u00e9serve formellement le droit d\u2019engager des d\u00e9marches juridiques dans le cas de l\u2019envoi non-sollicit\u00e9 de documents publicitaires, notamment par des e-mails spam.<\/p>\n<p><strong>MENTIONS LEGALES<\/strong><\/p>\n<p>WILLMANN GMBH<br \/>\nUntermatten 4<br \/>\nBallechten-Dottingen<br \/>\nAllemagne<\/p>\n<p>T\u00e9l : +49763456130<br \/>\nFax : +4976346597<\/p>\n<p>E-mail : info@willmann-gmbh.com<br \/>\nInternet : www.willmann-gmbh.com<\/p>\n<p>Directeur : Werner Willmann<br \/>\nenregistr\u00e9 \u00e0 la chambre de commerce de Freibourg in Breisgau (Allemagne sous le n\u00b0 HRB310324<br \/>\nN\u00b0 intracommunautaire : FR 17441635893<\/p>\n<p>Photos : Fotolia<br \/>\nclause de limite de responsabilit\u00e9 : Malgr\u00e9 nos contr\u00f4les minutieux, nous d\u00e9clinons toute responsabilit\u00e9 en ce qui concerne les contenus de liens externes.<br \/>\nLa soci\u00e9t\u00e9 Willmann applique scrupuleusement la loi Informatique et Libert\u00e9s du 6 janvier 1978, article 34 de la loi , compl\u00e9t\u00e9e par la directive europeenne\u2026.. qui vous donne un droit d\u2019acc\u00e8s, de rectification ou de suppression des donn\u00e9es vous concernant.<\/p>\n<p><strong>Pour l\u2019exercer, adressez-vous \u00e0 :<\/strong><br \/>\nWILLMANN GMBH<br \/>\nUntermatten 4<br \/>\nBallechten-Dottingen<br \/>\nAllemagne<br \/>\nT\u00e9l : +49763456130<br \/>\nFax : +4976346597<\/p>\n<p>Directeur de publication du site :<br \/>\nWerner Willmann<\/p>\n<p>Remarque sur notre responsabilit\u00e9 :<\/p>\n<p>Malgr\u00e9 nos contr\u00f4les minutieux, nous d\u00e9clinons toute responsabilit\u00e9 pour les contenus des liens vers des sites partenaires, pour lesquels seront seules responsables les entreprises \u00e9ditrices.<\/p>\n<\/div>\n<\/div>\n<p>[\/vc_column_text][\/vc_column][\/vc_row]<\/p>\n<\/section>","protected":false},"excerpt":{"rendered":"<p>[vc_row][vc_column][vc_column_text] Donn\u00e9es : La soci\u00e9t\u00e9 Willmann GmbH ou un fournisseur parall\u00e8le recueille des donn\u00e9es sur les acc\u00e8s au site et les enregistre en tant que \u00ab\u00a0fichiers journaux de serveur\u00a0\u00bb. Site visit\u00e9 Date et heure d\u2019acc\u00e8s au site Quantit\u00e9 des donn\u00e9es en octet source\/ r\u00e9f\u00e9rence et par quel moyen vous \u00eates rentr\u00e9 sur la page Logiciel [&hellip;]<\/p>\n","protected":false},"author":1,"featured_media":0,"parent":0,"menu_order":0,"comment_status":"closed","ping_status":"closed","template":"","meta":{"om_disable_all_campaigns":false,"_mi_skip_tracking":false,"_vp_format_video_url":"","_vp_image_focal_point":[]},"acf":[],"aioseo_notices":[],"yoast_head":"<!-- This site is optimized with the Yoast SEO plugin v20.2.1 - https:\/\/yoast.com\/wordpress\/plugins\/seo\/ -->\n<title>Protection des donn\u00e9es - Willmann GmbH<\/title>\n<meta name=\"robots\" content=\"index, follow, max-snippet:-1, max-image-preview:large, max-video-preview:-1\" \/>\n<link rel=\"canonical\" href=\"https:\/\/willmann-gmbh.com\/fr\/protection-des-donnees\/\" \/>\n<meta property=\"og:locale\" content=\"fr_FR\" \/>\n<meta property=\"og:type\" content=\"article\" \/>\n<meta property=\"og:title\" content=\"Protection des donn\u00e9es - Willmann GmbH\" \/>\n<meta property=\"og:description\" content=\"[vc_row][vc_column][vc_column_text] Donn\u00e9es : La soci\u00e9t\u00e9 Willmann GmbH ou un fournisseur parall\u00e8le recueille des donn\u00e9es sur les acc\u00e8s au site et les enregistre en tant que \u00ab\u00a0fichiers journaux de serveur\u00a0\u00bb. Site visit\u00e9 Date et heure d\u2019acc\u00e8s au site Quantit\u00e9 des donn\u00e9es en octet source\/ r\u00e9f\u00e9rence et par quel moyen vous \u00eates rentr\u00e9 sur la page Logiciel [&hellip;]\" \/>\n<meta property=\"og:url\" content=\"https:\/\/willmann-gmbh.com\/fr\/protection-des-donnees\/\" \/>\n<meta property=\"og:site_name\" content=\"Willmann GmbH\" \/>\n<meta property=\"article:modified_time\" content=\"2018-11-21T11:26:34+00:00\" \/>\n<meta name=\"twitter:card\" content=\"summary_large_image\" \/>\n<meta name=\"twitter:label1\" content=\"Dur\u00e9e de lecture estim\u00e9e\" \/>\n\t<meta name=\"twitter:data1\" content=\"8 minutes\" \/>\n<script type=\"application\/ld+json\" class=\"yoast-schema-graph\">{\"@context\":\"https:\/\/schema.org\",\"@graph\":[{\"@type\":\"WebPage\",\"@id\":\"https:\/\/willmann-gmbh.com\/fr\/protection-des-donnees\/\",\"url\":\"https:\/\/willmann-gmbh.com\/fr\/protection-des-donnees\/\",\"name\":\"Protection des donn\u00e9es - Willmann GmbH\",\"isPartOf\":{\"@id\":\"https:\/\/willmann-gmbh.com\/#website\"},\"datePublished\":\"2018-10-17T18:56:37+00:00\",\"dateModified\":\"2018-11-21T11:26:34+00:00\",\"breadcrumb\":{\"@id\":\"https:\/\/willmann-gmbh.com\/fr\/protection-des-donnees\/#breadcrumb\"},\"inLanguage\":\"fr-FR\",\"potentialAction\":[{\"@type\":\"ReadAction\",\"target\":[\"https:\/\/willmann-gmbh.com\/fr\/protection-des-donnees\/\"]}]},{\"@type\":\"BreadcrumbList\",\"@id\":\"https:\/\/willmann-gmbh.com\/fr\/protection-des-donnees\/#breadcrumb\",\"itemListElement\":[{\"@type\":\"ListItem\",\"position\":1,\"name\":\"Startseite\",\"item\":\"https:\/\/willmann-gmbh.com\/fr\/\"},{\"@type\":\"ListItem\",\"position\":2,\"name\":\"Protection des donn\u00e9es\"}]},{\"@type\":\"WebSite\",\"@id\":\"https:\/\/willmann-gmbh.com\/#website\",\"url\":\"https:\/\/willmann-gmbh.com\/\",\"name\":\"Willmann GmbH\",\"description\":\"\",\"publisher\":{\"@id\":\"https:\/\/willmann-gmbh.com\/#organization\"},\"potentialAction\":[{\"@type\":\"SearchAction\",\"target\":{\"@type\":\"EntryPoint\",\"urlTemplate\":\"https:\/\/willmann-gmbh.com\/?s={search_term_string}\"},\"query-input\":\"required name=search_term_string\"}],\"inLanguage\":\"fr-FR\"},{\"@type\":\"Organization\",\"@id\":\"https:\/\/willmann-gmbh.com\/#organization\",\"name\":\"Willmann GmbH\",\"url\":\"https:\/\/willmann-gmbh.com\/\",\"logo\":{\"@type\":\"ImageObject\",\"inLanguage\":\"fr-FR\",\"@id\":\"https:\/\/willmann-gmbh.com\/#\/schema\/logo\/image\/\",\"url\":\"https:\/\/willmann-gmbh.com\/wp-content\/uploads\/2018\/05\/willmann_logo_png.png\",\"contentUrl\":\"https:\/\/willmann-gmbh.com\/wp-content\/uploads\/2018\/05\/willmann_logo_png.png\",\"width\":288,\"height\":70,\"caption\":\"Willmann GmbH\"},\"image\":{\"@id\":\"https:\/\/willmann-gmbh.com\/#\/schema\/logo\/image\/\"},\"sameAs\":[\"https:\/\/instagram.com\/willmanngmbh\"]}]}<\/script>\n<!-- \/ Yoast SEO plugin. -->","yoast_head_json":{"title":"Protection des donn\u00e9es - Willmann GmbH","robots":{"index":"index","follow":"follow","max-snippet":"max-snippet:-1","max-image-preview":"max-image-preview:large","max-video-preview":"max-video-preview:-1"},"canonical":"https:\/\/willmann-gmbh.com\/fr\/protection-des-donnees\/","og_locale":"fr_FR","og_type":"article","og_title":"Protection des donn\u00e9es - Willmann GmbH","og_description":"[vc_row][vc_column][vc_column_text] Donn\u00e9es : La soci\u00e9t\u00e9 Willmann GmbH ou un fournisseur parall\u00e8le recueille des donn\u00e9es sur les acc\u00e8s au site et les enregistre en tant que \u00ab\u00a0fichiers journaux de serveur\u00a0\u00bb. Site visit\u00e9 Date et heure d\u2019acc\u00e8s au site Quantit\u00e9 des donn\u00e9es en octet source\/ r\u00e9f\u00e9rence et par quel moyen vous \u00eates rentr\u00e9 sur la page Logiciel [&hellip;]","og_url":"https:\/\/willmann-gmbh.com\/fr\/protection-des-donnees\/","og_site_name":"Willmann GmbH","article_modified_time":"2018-11-21T11:26:34+00:00","twitter_card":"summary_large_image","twitter_misc":{"Dur\u00e9e de lecture estim\u00e9e":"8 minutes"},"schema":{"@context":"https:\/\/schema.org","@graph":[{"@type":"WebPage","@id":"https:\/\/willmann-gmbh.com\/fr\/protection-des-donnees\/","url":"https:\/\/willmann-gmbh.com\/fr\/protection-des-donnees\/","name":"Protection des donn\u00e9es - Willmann GmbH","isPartOf":{"@id":"https:\/\/willmann-gmbh.com\/#website"},"datePublished":"2018-10-17T18:56:37+00:00","dateModified":"2018-11-21T11:26:34+00:00","breadcrumb":{"@id":"https:\/\/willmann-gmbh.com\/fr\/protection-des-donnees\/#breadcrumb"},"inLanguage":"fr-FR","potentialAction":[{"@type":"ReadAction","target":["https:\/\/willmann-gmbh.com\/fr\/protection-des-donnees\/"]}]},{"@type":"BreadcrumbList","@id":"https:\/\/willmann-gmbh.com\/fr\/protection-des-donnees\/#breadcrumb","itemListElement":[{"@type":"ListItem","position":1,"name":"Startseite","item":"https:\/\/willmann-gmbh.com\/fr\/"},{"@type":"ListItem","position":2,"name":"Protection des donn\u00e9es"}]},{"@type":"WebSite","@id":"https:\/\/willmann-gmbh.com\/#website","url":"https:\/\/willmann-gmbh.com\/","name":"Willmann GmbH","description":"","publisher":{"@id":"https:\/\/willmann-gmbh.com\/#organization"},"potentialAction":[{"@type":"SearchAction","target":{"@type":"EntryPoint","urlTemplate":"https:\/\/willmann-gmbh.com\/?s={search_term_string}"},"query-input":"required name=search_term_string"}],"inLanguage":"fr-FR"},{"@type":"Organization","@id":"https:\/\/willmann-gmbh.com\/#organization","name":"Willmann GmbH","url":"https:\/\/willmann-gmbh.com\/","logo":{"@type":"ImageObject","inLanguage":"fr-FR","@id":"https:\/\/willmann-gmbh.com\/#\/schema\/logo\/image\/","url":"https:\/\/willmann-gmbh.com\/wp-content\/uploads\/2018\/05\/willmann_logo_png.png","contentUrl":"https:\/\/willmann-gmbh.com\/wp-content\/uploads\/2018\/05\/willmann_logo_png.png","width":288,"height":70,"caption":"Willmann GmbH"},"image":{"@id":"https:\/\/willmann-gmbh.com\/#\/schema\/logo\/image\/"},"sameAs":["https:\/\/instagram.com\/willmanngmbh"]}]}},"_links":{"self":[{"href":"https:\/\/willmann-gmbh.com\/fr\/wp-json\/wp\/v2\/pages\/597"}],"collection":[{"href":"https:\/\/willmann-gmbh.com\/fr\/wp-json\/wp\/v2\/pages"}],"about":[{"href":"https:\/\/willmann-gmbh.com\/fr\/wp-json\/wp\/v2\/types\/page"}],"author":[{"embeddable":true,"href":"https:\/\/willmann-gmbh.com\/fr\/wp-json\/wp\/v2\/users\/1"}],"replies":[{"embeddable":true,"href":"https:\/\/willmann-gmbh.com\/fr\/wp-json\/wp\/v2\/comments?post=597"}],"version-history":[{"count":4,"href":"https:\/\/willmann-gmbh.com\/fr\/wp-json\/wp\/v2\/pages\/597\/revisions"}],"predecessor-version":[{"id":633,"href":"https:\/\/willmann-gmbh.com\/fr\/wp-json\/wp\/v2\/pages\/597\/revisions\/633"}],"wp:attachment":[{"href":"https:\/\/willmann-gmbh.com\/fr\/wp-json\/wp\/v2\/media?parent=597"}],"curies":[{"name":"wp","href":"https:\/\/api.w.org\/{rel}","templated":true}]}}